{"id":463,"date":"2018-07-10T10:06:42","date_gmt":"2018-07-10T08:06:42","guid":{"rendered":"http:\/\/dev.ilix.com\/?page_id=463"},"modified":"2024-07-02T12:07:14","modified_gmt":"2024-07-02T10:07:14","slug":"impressum","status":"publish","type":"page","link":"https:\/\/ilix.com\/en\/impressum\/","title":{"rendered":"Imprint"},"content":{"rendered":"<strong>ILIX Pr\u00e4zisionswerkzeuge GmbH<\/strong><br \/>\nGutenbergstra\u00dfe 5<br \/>\n65830 Kriftel<br \/>\nDeutschland<\/p>\n<p>Tel.: +49 (0) 6192 40900<br \/>\nFax: +49 (0) 6192 409060<br \/>\n<a href=\"mailto:info@ilix.com\">info@ilix.com<\/a><br \/>\n<a href=\"http:\/\/www.ilix.de\" target=\"_blank\" rel=\"noopener\">www.ilix.de<\/a><\/p>\n<p>Registergericht: Amtsgericht Frankfurt a. M.<br \/>\nRegisternummer: HRB 10061<br \/>\nGesch\u00e4ftsf\u00fchrer: Klaus Scholl<\/p>\n<p>Umsatzsteuer-Identifikationsnummer gem\u00e4\u00df \u00a7 27 a Umsatzsteuergesetz: DE811125097<\/p>\n<p>Inhaltlich Verantwortlicher gem\u00e4\u00df \u00a7 6 MDStV: Christa B\u00f6ttner","protected":false},"excerpt":{"rendered":"<p>ILIX Pr\u00e4zisionswerkzeuge GmbH Gutenbergstra\u00dfe 5 65830 Kriftel Deutschland Tel.: +49 (0) 6192 40900 Fax: +49 (0) 6192 409060 info@ilix.com www.ilix.de Registergericht: Amtsgericht Frankfurt a. M. Registernummer: HRB 10061 Gesch\u00e4ftsf\u00fchrer: Klaus Scholl Umsatzsteuer-Identifikationsnummer gem\u00e4\u00df \u00a7 27 a Umsatzsteuergesetz: DE811125097 Inhaltlich Verantwortlicher gem\u00e4\u00df \u00a7 6 MDStV: Christa B\u00f6ttner<\/p>\n","protected":false},"author":2,"featured_media":0,"parent":0,"menu_order":0,"comment_status":"closed","ping_status":"closed","template":"","meta":{"footnotes":""},"class_list":["post-463","page","type-page","status-publish","hentry"],"_links":{"self":[{"href":"https:\/\/ilix.com\/en\/wp-json\/wp\/v2\/pages\/463","targetHints":{"allow":["GET"]}}],"collection":[{"href":"https:\/\/ilix.com\/en\/wp-json\/wp\/v2\/pages"}],"about":[{"href":"https:\/\/ilix.com\/en\/wp-json\/wp\/v2\/types\/page"}],"author":[{"embeddable":true,"href":"https:\/\/ilix.com\/en\/wp-json\/wp\/v2\/users\/2"}],"replies":[{"embeddable":true,"href":"https:\/\/ilix.com\/en\/wp-json\/wp\/v2\/comments?post=463"}],"version-history":[{"count":4,"href":"https:\/\/ilix.com\/en\/wp-json\/wp\/v2\/pages\/463\/revisions"}],"predecessor-version":[{"id":866,"href":"https:\/\/ilix.com\/en\/wp-json\/wp\/v2\/pages\/463\/revisions\/866"}],"wp:attachment":[{"href":"https:\/\/ilix.com\/en\/wp-json\/wp\/v2\/media?parent=463"}],"curies":[{"name":"wp","href":"https:\/\/api.w.org\/{rel}","templated":true}]}}